{"id":580,"date":"2022-06-17T09:45:05","date_gmt":"2022-06-17T09:45:05","guid":{"rendered":"https:\/\/alphagrowth.es\/about-us\/"},"modified":"2022-09-14T11:35:11","modified_gmt":"2022-09-14T11:35:11","slug":"about-us","status":"publish","type":"page","link":"https:\/\/alphagrowth.es\/es\/about-us\/","title":{"rendered":"Nosotros"},"content":{"rendered":"\n\n<div id=\"group-right-block_62866d756276f\" class=\"group-right-block acf-block container flex justify-end \">\n\n\t<div class=\"max-w-4xl 2xl:max-w-6xl reveal-my-content\">\n\n\t\t\n\n<h2>En AlphaGrowth hemos visto como la tecnolog\u00eda blockchain crec\u00eda a nuestro alrededor. Hemos aprovechado para crecer junto a las oportunidades que el sector nos ha ido ofreciendo. Nuestro equipo tiene m\u00e1s de 11 a\u00f1os de experiencia en el entorno blockchain, lo que significa que hemos estado involucrados en \u00e9l pr\u00e1cticamente desde su inicio.&nbsp;<\/h2>\n\n\n\n<h2>Nos gusta describirnos como un grupo de <em>motivados<\/em> que ama blockchain y sus posibilidades. Nos gusta c\u00f3mo la gente se interesa por la tecnolog\u00eda. Nos encanta que en los encuentros con clientes se sorprendan como ni\u00f1os al descubrir el potencial que tiene la tecnolog\u00eda aplicada a su negocio. Queremos lograr que la gente se sienta confortable alrededor de conversaciones de bloques y hashes. Y todo ello es posible porque amamos la tecnolog\u00eda blockchain.<\/h2>\n\n\n\n<h2><\/h2>\n\n\n\n<p><\/p>\n\n\n\n<p><\/p>\n\n\n\n<div style=\"height:100px\" aria-hidden=\"true\" class=\"wp-block-spacer\"><\/div>\n\n\n\n<div class=\"wp-container-3 wp-block-columns\">\n<div class=\"wp-container-1 wp-block-column\">\n<figure class=\"wp-block-image size-full\"><img src=\"https:\/\/alphagrowth.es\/wp-content\/uploads\/2022\/06\/AG-about-separador.svg\" alt=\"\" class=\"wp-image-380\"\/><figcaption>2011-2013<br>Conocemos la tecnolog\u00eda<\/figcaption><\/figure>\n\n\n\n<p>Conocemos la tecnolog\u00eda: En 2011 tuvimos el primer contacto con Bitcoin y su entorno. La tecnolog\u00eda que soportaba una divisa digital llam\u00f3 nuestra atenci\u00f3n, as\u00ed que decidimos empezar a investigar y testear las operaciones de primera mano.<\/p>\n<\/div>\n\n\n\n<div class=\"wp-container-2 wp-block-column\"><\/div>\n<\/div>\n\n\n\n<div class=\"wp-container-6 wp-block-columns\">\n<div class=\"wp-container-4 wp-block-column\"><\/div>\n\n\n\n<div class=\"wp-container-5 wp-block-column\">\n<figure class=\"wp-block-image size-full\"><img src=\"https:\/\/alphagrowth.es\/wp-content\/uploads\/2022\/06\/AG-about-separador.svg\" alt=\"\" class=\"wp-image-380\"\/><figcaption>2014-2018<br>Evoluci\u00f3n de la tecnolog\u00eda<\/figcaption><\/figure>\n\n\n\n<p>Evoluci\u00f3n de la tecnolog\u00eda: Nuevos casos de uso de blockchain empiezan a aparecer. Proyectos j\u00f3venes y ambiciosos comienzan a andar en el mercado en forma de nuevos tokens. Es entonces cuando desarrollamos Initcoin, un SaaS cuyo objetivo es ayudar a los usuarios a entender y resaltar las din\u00e1micas de este nuevo mercado.<\/p>\n<\/div>\n<\/div>\n\n\n\n<div class=\"wp-container-9 wp-block-columns\">\n<div class=\"wp-container-7 wp-block-column\">\n<figure class=\"wp-block-image size-full\"><img src=\"https:\/\/alphagrowth.es\/wp-content\/uploads\/2022\/06\/AG-about-separador.svg\" alt=\"\" class=\"wp-image-380\"\/><figcaption>2018 &#8211; 2020<br>Miner\u00eda crytpo<\/figcaption><\/figure>\n\n\n\n<p>Miner\u00eda crytpo: con el avance de la tecnolog\u00eda blockchain y sus soluciones, los protocolos de consenso, coraz\u00f3n de cualquier cadena de bloques, tambi\u00e9n avanzaban. As\u00ed iniciamos nuestra actividad en proyectos de &#8220;miner\u00eda&#8221; para Proof of Work (PoW), construyendo y gestionando minas de criptoactivos para nuestros clientes.<\/p>\n<\/div>\n\n\n\n<div class=\"wp-container-8 wp-block-column\"><\/div>\n<\/div>\n\n\n\n<div class=\"wp-container-12 wp-block-columns\">\n<div class=\"wp-container-10 wp-block-column\"><\/div>\n\n\n\n<div class=\"wp-container-11 wp-block-column\">\n<figure class=\"wp-block-image size-full\"><img src=\"https:\/\/alphagrowth.es\/wp-content\/uploads\/2022\/06\/AG-about-separador.svg\" alt=\"\" class=\"wp-image-380\"\/><figcaption>2021<br>Alpha Growth<\/figcaption><\/figure>\n\n\n\n<p>Todo el camino recorrido y el aprendizaje adquirido hasta la fecha se ha concentrado para ver nace a AlphaGrowth. Una compa\u00f1\u00eda cuyo objetivo es hacer los 11 a\u00f1os de experiencia accesible para nuestros clientes. \u00a1Nuevos horizontes y nuevas posibilidades por explorar, como NFTs, DeFI u operar nodos validadores!<\/p>\n<\/div>\n<\/div>\n\n\n\n<div style=\"height:64px\" aria-hidden=\"true\" class=\"wp-block-spacer\"><\/div>\n\n\n\n<div class=\"wp-container-17 wp-block-columns\">\n<div class=\"wp-container-16 wp-block-column\" style=\"flex-basis:100%\">\n<div class=\"wp-container-15 wp-block-columns\">\n<div class=\"wp-container-13 wp-block-column\" style=\"flex-basis:80%\">\n<h2>We are crypto miners. We are crypto investors. We are blockchain developers. We are blockchain consultants. We are blockchain believers. We are AlphaGrowth.<\/h2>\n\n\n\n<h2>Holding Blockchain.<\/h2>\n<\/div>\n\n\n\n<div class=\"wp-container-14 wp-block-column\" style=\"flex-basis:20%\"><\/div>\n<\/div>\n<\/div>\n<\/div>\n\n\n\n\t<\/div>\n\n<\/div>\n\n\n\n\n<div style=\"height:100px\" aria-hidden=\"true\" class=\"wp-block-spacer\"><\/div>\n\n\n\n<div id=\"anchor-block_628671c862770\" class=\"anchor-block text-red pt-36 border-b\">\n\n\t<div class=\"container\">\n\t\t\n\t\t<div class=\"md:flex justify-between mb-4 md:mb-8\">\n\n\t\t\t<h3 class=\"font-mono font-bold mb-0 reveal-up\">The geeks<\/h3>\n\n\t\t    \n\t\t<\/div>\n\t\t\n\t<\/div>\n\n<\/div>\n\n\n\n\n<div id=\"team-block_62867c5aeee3c\" class=\"team-block py-16 lg:py-32 reveal-up\">\n\n\t<div class=\"container-left overflow-hidden pb-32\">\n\n\t\t<ul class=\"team-list carousel-team md:-mx-4\">\n\n\t\t\t\t\t\t\t\t\n\t\t\t    <li class=\"slide team-list-item pl-6 md:pl-10\">\n\t\t\t    \n\t\t\t    \t<div class=\"px-4\"><div class=\"ratio-team\"><div class=\"ratio-team-background\">\n\n\t\t\t    \t\t<div class=\"md:flex pl-5 pr-12 md:px-4 py-4 md:pt-8 md:pb-6 lg:pt-11 2xl:pt-12 lg:pb-8 h-full border-red border-0 md:border-0\">\n\n\t\t\t    \t\t\t<div class=\"md:w-1\/2 mb-4 md:mb-0 md:pr-10 ratio-team-mobile\">\n\n\t\t\t    \t\t\t\t<div class=\"ratio-team-bg-mobile md:h-full\">\n\n\t\t\t    \t\t\t\t\t<img class=\"w-full h-full object-cover\" src=\"https:\/\/alphagrowth.es\/wp-content\/uploads\/2022\/06\/1631038555630.jpeg\" alt=\"\">\n\n\t\t\t    \t\t\t\t<\/div>\n\n\t\t\t    \t\t\t<\/div>\n\n\t\t\t\t\t\t\t<div class=\"md:w-1\/2 h-full md:flex flex-col justify-center\">\n\t\t\t\t\t\t\t\t\n\t\t\t\t\t\t\t\t<div class=\"md:pl-4 md:pr-14\">\n\n\t\t\t\t\t\t\t\t\t<div class=\"font-bold font-mono leading-tight text-text-secondary text-xl xl:text-3xl 2xl:text-4xl mb-2\">Lucas Guasch<\/div>\n\n\t\t\t\t\t\t\t\t\t<div class=\"font-normal font-sans leading-normal text-base xl:text-xl 2xl:text-2xl text-red mb-2 xl:mb-4\">CEO<\/div>\n\n\t\t\t\t\t\t\t\t\t<div class=\"font-normal font-sans leading-normal text-text-secondary text-base xl:text-xl 2xl:text-2xl mb-2 xl:mb-4\">&#8220;No te enfrentes al cambio. D\u00f3malo&#8221;<\/div>\n\n\t\t\t\t\t\t\t\t\t\n\t\t\t\t\t\t\t\t\t    <a class=\"caps arrow-right-after\" href=\"https:\/\/www.linkedin.com\/in\/lucas-guasch-villalonga-48896325\/\" target=\"_self\">\n\n\t\t\t\t\t\t\t\t\t    \tLinkedIn\t\t\t\t\t\t\t\t\t    \t\t\n\t\t\t\t\t\t\t\t\t    <\/a>\n\t\t\t\t\t\t\t\t\t\n\t\t\t\t\t\t\t\t\t\n\t\t\t\t\t\t\t\t<\/div>\n\n\t\t\t\t\t\t\t<\/div>\n\n\t\t\t    \t\t<\/div>\n\n\t\t\t    \t<\/div><\/div><\/div>\n\n\t\t\t    <\/li>\n\t    \t\t\n\t    \t\t\t\t\t\t\n\t\t\t    <li class=\"slide team-list-item pl-6 md:pl-10\">\n\t\t\t    \n\t\t\t    \t<div class=\"px-4\"><div class=\"ratio-team\"><div class=\"ratio-team-background\">\n\n\t\t\t    \t\t<div class=\"md:flex pl-5 pr-12 md:px-4 py-4 md:pt-8 md:pb-6 lg:pt-11 2xl:pt-12 lg:pb-8 h-full border-red border-0 md:border-0\">\n\n\t\t\t    \t\t\t<div class=\"md:w-1\/2 mb-4 md:mb-0 md:pr-10 ratio-team-mobile\">\n\n\t\t\t    \t\t\t\t<div class=\"ratio-team-bg-mobile md:h-full\">\n\n\t\t\t    \t\t\t\t\t<img class=\"w-full h-full object-cover\" src=\"https:\/\/alphagrowth.es\/wp-content\/uploads\/2022\/06\/AG-Jose-guasch.jpg\" alt=\"\">\n\n\t\t\t    \t\t\t\t<\/div>\n\n\t\t\t    \t\t\t<\/div>\n\n\t\t\t\t\t\t\t<div class=\"md:w-1\/2 h-full md:flex flex-col justify-center\">\n\t\t\t\t\t\t\t\t\n\t\t\t\t\t\t\t\t<div class=\"md:pl-4 md:pr-14\">\n\n\t\t\t\t\t\t\t\t\t<div class=\"font-bold font-mono leading-tight text-text-secondary text-xl xl:text-3xl 2xl:text-4xl mb-2\">Jose Guasch<\/div>\n\n\t\t\t\t\t\t\t\t\t<div class=\"font-normal font-sans leading-normal text-base xl:text-xl 2xl:text-2xl text-red mb-2 xl:mb-4\">CTO<\/div>\n\n\t\t\t\t\t\t\t\t\t<div class=\"font-normal font-sans leading-normal text-text-secondary text-base xl:text-xl 2xl:text-2xl mb-2 xl:mb-4\">&#8220;Encontrar soluciones sencillas a problemas complejos&#8221;<\/div>\n\n\t\t\t\t\t\t\t\t\t\n\t\t\t\t\t\t\t\t\t    <a class=\"caps arrow-right-after\" href=\"https:\/\/www.linkedin.com\/in\/jose-antonio-guasch-de-grau-a904b9a3\/\" target=\"_self\">\n\n\t\t\t\t\t\t\t\t\t    \tLinkedIn\t\t\t\t\t\t\t\t\t    \t\t\n\t\t\t\t\t\t\t\t\t    <\/a>\n\t\t\t\t\t\t\t\t\t\n\t\t\t\t\t\t\t\t\t\n\t\t\t\t\t\t\t\t<\/div>\n\n\t\t\t\t\t\t\t<\/div>\n\n\t\t\t    \t\t<\/div>\n\n\t\t\t    \t<\/div><\/div><\/div>\n\n\t\t\t    <\/li>\n\t    \t\t\n\t    \t\t\t\t\t\t\n\t\t\t    <li class=\"slide team-list-item pl-6 md:pl-10\">\n\t\t\t    \n\t\t\t    \t<div class=\"px-4\"><div class=\"ratio-team\"><div class=\"ratio-team-background\">\n\n\t\t\t    \t\t<div class=\"md:flex pl-5 pr-12 md:px-4 py-4 md:pt-8 md:pb-6 lg:pt-11 2xl:pt-12 lg:pb-8 h-full border-red border-0 md:border-0\">\n\n\t\t\t    \t\t\t<div class=\"md:w-1\/2 mb-4 md:mb-0 md:pr-10 ratio-team-mobile\">\n\n\t\t\t    \t\t\t\t<div class=\"ratio-team-bg-mobile md:h-full\">\n\n\t\t\t    \t\t\t\t\t<img class=\"w-full h-full object-cover\" src=\"https:\/\/alphagrowth.es\/wp-content\/uploads\/2022\/07\/CGQV8865.jpg\" alt=\"\">\n\n\t\t\t    \t\t\t\t<\/div>\n\n\t\t\t    \t\t\t<\/div>\n\n\t\t\t\t\t\t\t<div class=\"md:w-1\/2 h-full md:flex flex-col justify-center\">\n\t\t\t\t\t\t\t\t\n\t\t\t\t\t\t\t\t<div class=\"md:pl-4 md:pr-14\">\n\n\t\t\t\t\t\t\t\t\t<div class=\"font-bold font-mono leading-tight text-text-secondary text-xl xl:text-3xl 2xl:text-4xl mb-2\">Jordi Maresch<\/div>\n\n\t\t\t\t\t\t\t\t\t<div class=\"font-normal font-sans leading-normal text-base xl:text-xl 2xl:text-2xl text-red mb-2 xl:mb-4\">CTO<\/div>\n\n\t\t\t\t\t\t\t\t\t<div class=\"font-normal font-sans leading-normal text-text-secondary text-base xl:text-xl 2xl:text-2xl mb-2 xl:mb-4\">&#8220;Los sistemas 100% fiables empezaron con la miner\u00eda de Bitcoin.&#8221;<\/div>\n\n\t\t\t\t\t\t\t\t\t\n\t\t\t\t\t\t\t\t\t    <a class=\"caps arrow-right-after\" href=\"https:\/\/www.linkedin.com\/in\/jmaresch\/\" target=\"_self\">\n\n\t\t\t\t\t\t\t\t\t    \tLinkedin\t\t\t\t\t\t\t\t\t    \t\t\n\t\t\t\t\t\t\t\t\t    <\/a>\n\t\t\t\t\t\t\t\t\t\n\t\t\t\t\t\t\t\t\t\n\t\t\t\t\t\t\t\t<\/div>\n\n\t\t\t\t\t\t\t<\/div>\n\n\t\t\t    \t\t<\/div>\n\n\t\t\t    \t<\/div><\/div><\/div>\n\n\t\t\t    <\/li>\n\t    \t\t\n\t    \t\n\t\t<\/ul>\n\n\t<\/div>\n\n<\/div>\n\n\n","protected":false},"excerpt":{"rendered":"","protected":false},"author":1,"featured_media":0,"parent":0,"menu_order":2,"comment_status":"closed","ping_status":"closed","template":"","meta":[],"acf":[],"_links":{"self":[{"href":"https:\/\/alphagrowth.es\/es\/wp-json\/wp\/v2\/pages\/580"}],"collection":[{"href":"https:\/\/alphagrowth.es\/es\/wp-json\/wp\/v2\/pages"}],"about":[{"href":"https:\/\/alphagrowth.es\/es\/wp-json\/wp\/v2\/types\/page"}],"author":[{"embeddable":true,"href":"https:\/\/alphagrowth.es\/es\/wp-json\/wp\/v2\/users\/1"}],"replies":[{"embeddable":true,"href":"https:\/\/alphagrowth.es\/es\/wp-json\/wp\/v2\/comments?post=580"}],"version-history":[{"count":6,"href":"https:\/\/alphagrowth.es\/es\/wp-json\/wp\/v2\/pages\/580\/revisions"}],"predecessor-version":[{"id":683,"href":"https:\/\/alphagrowth.es\/es\/wp-json\/wp\/v2\/pages\/580\/revisions\/683"}],"wp:attachment":[{"href":"https:\/\/alphagrowth.es\/es\/wp-json\/wp\/v2\/media?parent=580"}],"curies":[{"name":"wp","href":"https:\/\/api.w.org\/{rel}","templated":true}]}}