{"id":596,"date":"2022-06-17T09:51:13","date_gmt":"2022-06-17T09:51:13","guid":{"rendered":"https:\/\/alphagrowth.es\/services\/"},"modified":"2022-09-14T11:55:24","modified_gmt":"2022-09-14T11:55:24","slug":"services","status":"publish","type":"page","link":"https:\/\/alphagrowth.es\/es\/services\/","title":{"rendered":"Servicios"},"content":{"rendered":"\n\n<div id=\"group-right-block_629478491f8e1\" class=\"group-right-block acf-block container flex justify-end \">\n\n\t<div class=\"max-w-4xl 2xl:max-w-6xl reveal-my-content\">\n\n\t\t\n\n<h2>Hemos visto como la tecnolog\u00eda blockchain crec\u00eda a nuestro alrededor. Hemos aprovechado para crecer junto a las oportunidades que el sector nos ha ido ofreciendo. Nuestro objetivo es lograr que el acceso a la industria de las criptomonedas y blockchain sea lo m\u00e1s sencillo posible.<\/h2>\n\n\n\n<h2>Hemos visto como el sector se ha ido construyendo a lo largo de 11 a\u00f1os. Creando proyectos, generando valor y obteniendo experiencia. Queremos compartir todo este conocimiento contigo. Un camino de \u00e9xitos pero tambi\u00e9n de fracasos que nos han ayudado a entender c\u00f3mo funciona la tecnolog\u00eda y c\u00f3mo desenvolverse en ella.<\/h2>\n\n\n\n<div style=\"height:64px\" aria-hidden=\"true\" class=\"wp-block-spacer\"><\/div>\n\n\n\n<hr class=\"wp-block-separator has-alpha-channel-opacity\"\/>\n\n\n\n<h4>Custodio y Gesti\u00f3n de Fondos<\/h4>\n\n\n\n<p>Toda la especulaci\u00f3n y ruido alrededor del secotr crypto puede ser una barrera definitiva de entrada para inversores que quieran diversificar su porfolio de inversi\u00f3n. Invertir en criptoactivos es arriesgado. \u00a1Pero es muy atractivo y t\u00e9cnicamente seguro si tienes un buen consejo!<\/p>\n\n\n\n<p><a href=\"https:\/\/alphagrowth.es\/es\/services\/management-custodianof-funds\/\">VISITA MANAGEMENT &amp; CUSTODIAN FUNDS<\/a><\/p>\n\n\n\n<hr class=\"wp-block-separator has-alpha-channel-opacity\"\/>\n\n\n\n<h4>Consultor\u00eda &amp; Desarrollo<\/h4>\n\n\n\n<p>Blockchain est\u00e1 convitr\u00edendose en una prioridad para muchas compa\u00f1\u00edas que sienten la necesidad de desarrollar proyectos y soluciones descentraizados, trazables, transparentes y escalables<\/p>\n\n\n\n<p><a href=\"https:\/\/alphagrowth.es\/es\/services\/consulting-development\/\" data-type=\"URL\" data-id=\"https:\/\/alphagrowth.es\/es\/services\/consulting-development\/\">VISITA Consulting &amp; Development<\/a><\/p>\n\n\n\n<hr class=\"wp-block-separator has-alpha-channel-opacity\"\/>\n\n\n\n<h4>Miner\u00eda<\/h4>\n\n\n\n<p>Te ayudamos a lo largo de todo el proceso para convertirte en mineero PoW. Nos adaptamos a tu conocimiento para ofrecerte las soluciones que mejor se adapten a tu perfil. \u00a1Ser minero nunca ha sido tan f\u00e1cil!<\/p>\n\n\n\n<p><a href=\"https:\/\/alphagrowth.es\/es\/services\/mining\/\" data-type=\"page\">VISITA MINER\u00cdA<\/a><\/p>\n\n\n\n<hr class=\"wp-block-separator has-alpha-channel-opacity is-style-default\"\/>\n\n\n\n\t<\/div>\n\n<\/div>\n\n\n\n\n<div style=\"height:150px\" aria-hidden=\"true\" class=\"wp-block-spacer\"><\/div>\n\n\n\n<div id=\"logos-on-image-block_62ac4e4f36a7b\" class=\"logos-on-image-block relative\">\n\n\t\n\t<img class=\"relative z-0 w-full hidden lg:block\" src=\"https:\/\/alphagrowth.es\/wp-content\/uploads\/2022\/04\/Group-128.svg\" alt=\"\"><\/img>\n\n\t<img class=\"relative z-0 w-full lg:hidden\" src=\"https:\/\/alphagrowth.es\/wp-content\/uploads\/2022\/06\/Frame-89.png\" alt=\"\"><\/img>\n\n\n\n\t<div class=\"w-full absolute inset-0 z-2 \">\n\n\t\t<div class=\"container-left h-full flex items-center justify-center w-full\">\n\t\t\n\t\t\t<div>\n\n\t\t\t\t<div class=\"px-10 md:px-24 text-center\">\n\t\t\t\t\t\n\t\t\t\t\t<div class=\"text-3xl xl:text-5xl font-mono leading-tight text-text-secondary font-bold mb-6 2xl:mb-10 mx-auto max-w-3xl\">Trusted by <br\/>partners like you<\/div>\n\t\t\t\t\t\n\t\t\t\t\t<p class=\"text mb-6 2xl:mb-10 max-w-3xl mx-auto\">Tenemos un largo camino por delante y queremos recorrerlo junto a t\u00ed. Acompa\u00f1\u00e1ndote en tus proyectos para hacerte un poquito m\u00e1s sencillo que alcances tu objetivos.<\/p>\n\n\t\t\t\t<\/div>\n\n\t\t\t\t<div class=\"relative lg:static h-24 lg:h-auto overflow-x-auto overflow-y-hidden hide-scrollbar\">\n\t\t\t\t\t\n\t\t\t\t\t<div class=\"absolute lg:static pl-10\">\n\t\t\t\t\t\t\n\t\t\t\t\t\t\n\t\t\t\t\t\t\t<ul class=\"flex lg:flex-wrap lg:justify-center\">\n\t\t\t\t\t\t\t\t\t\n\t\t\t\t\t\t\t\t\t\t\n\t\t\t\t\t\t    \t\t\t\n\t\t\t\t\t    \t\t\t<li class=\"px-2 lg:px-5 shrink-0 lg:shrink\">\n\n\t\t\t\t\t\t\t\t        <a href=\"#\" class=\"\">\n\t\t\t\t\t\t\t\t          \n\t\t\t\t\t\t\t\t          \n\t\t\t\t\t\t\t\t\t\t\t<img class=\"w-auto h-24 2xl:h-20 3xl:h-24\" src=\"https:\/\/alphagrowth.es\/wp-content\/uploads\/2022\/05\/AG_partners-web-wheel.png\" alt=\"\">\n\n\t\t\t\t\t\t\t\t        <\/a>\n\n\t\t\t\t\t\t\t        <\/li>\n\n\t\t\t\t\t\t\t\t\t\t\n\t\t\t\t\t\t    \t\t\t\n\t\t\t\t\t    \t\t\t<li class=\"px-2 lg:px-5 shrink-0 lg:shrink\">\n\n\t\t\t\t\t\t\t\t        <a href=\"#\" class=\"\">\n\t\t\t\t\t\t\t\t          \n\t\t\t\t\t\t\t\t          \n\t\t\t\t\t\t\t\t\t\t\t<img class=\"w-auto h-24 2xl:h-20 3xl:h-24\" src=\"https:\/\/alphagrowth.es\/wp-content\/uploads\/2022\/05\/AG_partners-web-ets.png\" alt=\"\">\n\n\t\t\t\t\t\t\t\t        <\/a>\n\n\t\t\t\t\t\t\t        <\/li>\n\n\t\t\t\t\t\t\t\t\t\t\n\t\t\t\t\t\t    \t\t\t\n\t\t\t\t\t    \t\t\t<li class=\"px-2 lg:px-5 shrink-0 lg:shrink\">\n\n\t\t\t\t\t\t\t\t        <a href=\"#\" class=\"\">\n\t\t\t\t\t\t\t\t          \n\t\t\t\t\t\t\t\t          \n\t\t\t\t\t\t\t\t\t\t\t<img class=\"w-auto h-24 2xl:h-20 3xl:h-24\" src=\"https:\/\/alphagrowth.es\/wp-content\/uploads\/2022\/05\/AG_partners-web-fite.png\" alt=\"\">\n\n\t\t\t\t\t\t\t\t        <\/a>\n\n\t\t\t\t\t\t\t        <\/li>\n\n\t\t\t\t\t\t\t\t\t\t\n\t\t\t\t\t\t    \t\t\t\n\t\t\t\t\t    \t\t\t<li class=\"px-2 lg:px-5 shrink-0 lg:shrink\">\n\n\t\t\t\t\t\t\t\t        <a href=\"#\" class=\"\">\n\t\t\t\t\t\t\t\t          \n\t\t\t\t\t\t\t\t          \n\t\t\t\t\t\t\t\t\t\t\t<img class=\"w-auto h-24 2xl:h-20 3xl:h-24\" src=\"https:\/\/alphagrowth.es\/wp-content\/uploads\/2022\/05\/AG_partners-web-powerm.png\" alt=\"\">\n\n\t\t\t\t\t\t\t\t        <\/a>\n\n\t\t\t\t\t\t\t        <\/li>\n\n\t\t\t\t\t\t\t\t\t\t\n\t\t\t\t\t\t    \t\t\t\n\t\t\t\t\t    \t\t\t<li class=\"px-2 lg:px-5 shrink-0 lg:shrink\">\n\n\t\t\t\t\t\t\t\t        <a href=\"#\" class=\"\">\n\t\t\t\t\t\t\t\t          \n\t\t\t\t\t\t\t\t          \n\t\t\t\t\t\t\t\t\t\t\t<img class=\"w-auto h-24 2xl:h-20 3xl:h-24\" src=\"https:\/\/alphagrowth.es\/wp-content\/uploads\/2022\/05\/AG_partners-web-cyb.png\" alt=\"\">\n\n\t\t\t\t\t\t\t\t        <\/a>\n\n\t\t\t\t\t\t\t        <\/li>\n\n\t\t\t\t\t\t\t\t\t\t\n\t\t\t\t\t\t    \t\t\t\n\t\t\t\t\t    \t\t\t<li class=\"px-2 lg:px-5 shrink-0 lg:shrink\">\n\n\t\t\t\t\t\t\t\t        <a href=\"#\" class=\"\">\n\t\t\t\t\t\t\t\t          \n\t\t\t\t\t\t\t\t          \n\t\t\t\t\t\t\t\t\t\t\t<img class=\"w-auto h-24 2xl:h-20 3xl:h-24\" src=\"https:\/\/alphagrowth.es\/wp-content\/uploads\/2022\/05\/AG_partners-web-texia.png\" alt=\"\">\n\n\t\t\t\t\t\t\t\t        <\/a>\n\n\t\t\t\t\t\t\t        <\/li>\n\n\t\t\t\t\t\t\t\t\t\t\t\t\t\t\t\t\n\t\t\t\t\t\t\t<\/ul>\n\n\t\t\t\t\t\t\n\t\t\t\t\t<\/div>\n\n\t\t\t\t<\/div>\n\n\t\t\t<\/div>\n\n\t\t<\/div> \n\n\t<\/div>\t\n\n<\/div>\n\n\n\n\n","protected":false},"excerpt":{"rendered":"","protected":false},"author":1,"featured_media":0,"parent":0,"menu_order":2,"comment_status":"closed","ping_status":"closed","template":"","meta":[],"acf":[],"_links":{"self":[{"href":"https:\/\/alphagrowth.es\/es\/wp-json\/wp\/v2\/pages\/596"}],"collection":[{"href":"https:\/\/alphagrowth.es\/es\/wp-json\/wp\/v2\/pages"}],"about":[{"href":"https:\/\/alphagrowth.es\/es\/wp-json\/wp\/v2\/types\/page"}],"author":[{"embeddable":true,"href":"https:\/\/alphagrowth.es\/es\/wp-json\/wp\/v2\/users\/1"}],"replies":[{"embeddable":true,"href":"https:\/\/alphagrowth.es\/es\/wp-json\/wp\/v2\/comments?post=596"}],"version-history":[{"count":5,"href":"https:\/\/alphagrowth.es\/es\/wp-json\/wp\/v2\/pages\/596\/revisions"}],"predecessor-version":[{"id":693,"href":"https:\/\/alphagrowth.es\/es\/wp-json\/wp\/v2\/pages\/596\/revisions\/693"}],"wp:attachment":[{"href":"https:\/\/alphagrowth.es\/es\/wp-json\/wp\/v2\/media?parent=596"}],"curies":[{"name":"wp","href":"https:\/\/api.w.org\/{rel}","templated":true}]}}