{"id":611,"date":"2022-06-17T10:07:43","date_gmt":"2022-06-17T10:07:43","guid":{"rendered":"https:\/\/alphagrowth.es\/services\/management-custodianof-funds\/"},"modified":"2022-11-20T12:46:24","modified_gmt":"2022-11-20T12:46:24","slug":"management-custodianof-funds","status":"publish","type":"page","link":"https:\/\/alphagrowth.es\/es\/services\/management-custodianof-funds\/","title":{"rendered":"Custodio y Gesti\u00f3n de Fondos"},"content":{"rendered":"\n\n<div id=\"group-right-block_6294804b1fe18\" class=\"group-right-block acf-block container flex justify-end \">\n\n\t<div class=\"max-w-4xl 2xl:max-w-6xl reveal-my-content\">\n\n\t\t\n\n<h2>En Alphagrowth tenemos siempre este dicho en mente: hazlo simple. Da opciones. S\u00e9 transparente. Estos tres principios son la base de toda propuesta o producto que lanzamos, aunque el entorno crypto a veces nos lo quiera poner complicado.  <\/h2>\n\n\n\n<h2>Facilitamos el acceso a blockchain porque hacemos la tecnolog\u00eda entendible para el usuario, inversor o negocio que quiere interactuar con ella. Para ello, dedicamos muchos esfuerzos y horas para ense\u00f1ar y acompa\u00f1ar a nuestros clientes, <\/h2>\n\n\n\n<h2>\u00a1Cosa de la que estamos especialmente orgullosos!  <\/h2>\n\n\n\n<h2>Desde abrir tu propia cuenta en un Exchange centralizado hasta sumergirse en las soluciones DeFi, queremos compartir nuestro conocimiento y experiencia contigo. \u00a1Sigue leyendo si quieres conocer m\u00e1s sobre nuestras soluciones relacionadas con custodio, gesti\u00f3n de fondos o DeFi!<\/h2>\n\n\n<div class=\"html\">\n<a class=\"bg-red px-5 py-2 mt-3 rounded-md\" href=\"https:\/\/alphagrowth.es\/es\/defi-track\" data-type=\"page\" target=\"_blank\" rel=\"noopener\">Nuestro recorrido DeFi<\/a>\n<\/div>\n\n\n<div style=\"height:100px\" aria-hidden=\"true\" class=\"wp-block-spacer\"><\/div>\n\n\n\n<h3>Pools de Liquidez hechos a medida<\/h3>\n\n\n\n<hr class=\"wp-block-separator has-alpha-channel-opacity\"\/>\n\n\n\n<p>Normalmente es positivo reducir los problemas complejos en su expresi\u00f3n m\u00e1s simple. De esta manera, podemos hacer los modelos m\u00e1s comprensibles y claros para analizarlos. Sabemos que invertir en los mercados de criptoactivos no es, actualmente, un proceso sencillo si quieres sacar todo el potencial a la inversi\u00f3n. Acceder al sector puede ser estresante y desmotivador. Por este motivo, en AlphaGrowth hemos creado nuestros propios pools de liquidez y estrategias de <em>farming<\/em>, que implementamos a medida para ti.<\/p>\n\n\n\n<p>Si est\u00e1s buscando ingresos pasivos basados en inversi\u00f3n en tokens, esta es tu respuesta. Nos ocupamos de explicarte como los <em>liquidity <\/em>y <em>farming<\/em> pools funcionan as\u00ed como las fundamentales que se esconden detr\u00e1s de los <em>tokenomics <\/em>de los proyectos en los que invertir. No tienes que preocuparte por el &#8216;set up&#8217;, lo hacemos por ti sin necesidad de acceder a tus fondos en ning\u00fan momento. Y, te ofresemos un servicio flexible en el que te ayudamos solamente en aquella parte del proceso que necesites.<\/p>\n\n\n\n<p>\u00bfLa mejor parte? <\/p>\n\n\n\n<p>Pues que no necesitamos acceder a tus fondos en ning\u00fan momento. Siempre ser\u00e1s el propietario real de los activos y estar\u00e1n bajo tu control.<\/p>\n\n\n\n<h2 class=\"has-text-align-center has-text-secondary-color has-text-color\"><em>Keep it easy!<\/em><\/h2>\n\n\n\n<div style=\"height:100px\" aria-hidden=\"true\" class=\"wp-block-spacer\"><\/div>\n\n\n\n\t<\/div>\n\n<\/div>\n\n\n\n\n<div id=\"gallery-block_62ac51f53093e\" class=\"gallery-block w-full reveal-up\">\n\n    \t\t\t\n\t\t<div class=\"carousel relative\">\n\n\t\t\t\n\t\t\t\t<div class=\"slide h-full\">\n\n\t\t\t\t\t<img class=\"w-full h-full object-cover\" src=\"https:\/\/alphagrowth.es\/wp-content\/uploads\/2022\/07\/defi.jpg\" alt=\"\">\n\n\t\t\t\t<\/div>\n\n\t\t\t\n\t\t\t\t<div class=\"slide h-full\">\n\n\t\t\t\t\t<img class=\"w-full h-full object-cover\" src=\"https:\/\/alphagrowth.es\/wp-content\/uploads\/2022\/06\/05-1920x806.jpg\" alt=\"\">\n\n\t\t\t\t<\/div>\n\n\t\t\t\n\t\t\t\t<div class=\"slide h-full\">\n\n\t\t\t\t\t<img class=\"w-full h-full object-cover\" src=\"https:\/\/alphagrowth.es\/wp-content\/uploads\/2022\/06\/03-1920x806.jpg\" alt=\"\">\n\n\t\t\t\t<\/div>\n\n\t\t\t\t\t\t\n\t\t<\/div>\n\n\t  \n\n<\/div>\n\n\n\n\n\n<div id=\"group-right-block_62ac51c430939\" class=\"group-right-block acf-block container flex justify-end \">\n\n\t<div class=\"max-w-4xl 2xl:max-w-6xl reveal-my-content\">\n\n\t\t\n\n<div style=\"height:100px\" aria-hidden=\"true\" class=\"wp-block-spacer\"><\/div>\n\n\n\n<h3>Custodio de fondos<\/h3>\n\n\n\n<hr class=\"wp-block-separator has-alpha-channel-opacity\"\/>\n\n\n\n<p>Estamos orgullosos de decir que colaboramos estrechamente con <em>CyBavo <\/em>para ofrecerte la soluci\u00f3n de custodio m\u00e1s potente y avanzada del mercado. Puedes ver todas las ventajas aqu\u00ed pero te las resumimos para que te emociones c\u00f3mo nosotros con la soluci\u00f3n!<\/p>\n\n\n\n<ul><li>Las claves privadas est\u00e1n encriptadas y no almacenadas en un repositorio central<\/li><li>El acceso a los fondos se realiza mediante un protocolo de firmas <em>multi-sig<\/em> y multi-nivel creado por ti.<\/li><li>Se pueden crear circuitos de redundancia para acceder a los fondos en los diferentes niveles de firma<\/li><li>Los activos est\u00e1n securizados en diferentes niveles de firma<\/li><li>Todo esto, con los mejores est\u00e1ndares de seguridad y un SaaS que ponemos a tu disposici\u00f3n para que no haya un solo punto de fuga en el proceso<\/li><\/ul>\n\n\n\n<p>Trabajamos con<\/p>\n\n\n\n<p><img class=\"wp-image-253\" style=\"width: NaNpx;\" src=\"https:\/\/alphagrowth.es\/wp-content\/uploads\/2022\/06\/Bitcoin-W.svg\" alt=\"\"> <img class=\"wp-image-256\" style=\"width: NaNpx;\" src=\"https:\/\/alphagrowth.es\/wp-content\/uploads\/2022\/06\/Ethereum-3-ETH-W.svg\" alt=\"\"> <img class=\"wp-image-251\" style=\"width: NaNpx;\" src=\"https:\/\/alphagrowth.es\/wp-content\/uploads\/2022\/06\/Huobi.svg\" alt=\"\"> <img class=\"wp-image-252\" style=\"width: NaNpx;\" src=\"https:\/\/alphagrowth.es\/wp-content\/uploads\/2022\/06\/TRON.svg\" alt=\"\"> <img class=\"wp-image-259\" style=\"width: NaNpx;\" src=\"https:\/\/alphagrowth.es\/wp-content\/uploads\/2022\/06\/USD-Coin-USDC-W.svg\" alt=\"\"> <img class=\"wp-image-258\" style=\"width: NaNpx;\" src=\"https:\/\/alphagrowth.es\/wp-content\/uploads\/2022\/06\/Shiba-W.svg\" alt=\"\"> <img class=\"wp-image-257\" style=\"width: NaNpx;\" src=\"https:\/\/alphagrowth.es\/wp-content\/uploads\/2022\/06\/Ripple-XRP-W.svg\" alt=\"\"> <img class=\"wp-image-255\" style=\"width: NaNpx;\" src=\"https:\/\/alphagrowth.es\/wp-content\/uploads\/2022\/06\/Dogecoin-W.svg\" alt=\"\"> <img class=\"wp-image-254\" style=\"width: NaNpx;\" src=\"https:\/\/alphagrowth.es\/wp-content\/uploads\/2022\/06\/Coinbase-W.svg\" alt=\"\"><\/p>\n\n\n\n<h2 class=\"has-text-align-center has-text-secondary-color has-text-color\"><em>Not bad, right?<\/em><\/h2>\n\n\n\n<div style=\"height:100px\" aria-hidden=\"true\" class=\"wp-block-spacer\"><\/div>\n\n\n\n<h3>NUESTROS NODOS<\/h3>\n\n\n\n<hr class=\"wp-block-separator has-alpha-channel-opacity\"\/>\n\n\n\n<p>A medida que el ecosistema crece, nos encanta buscar proyectos a los que dar soporte. Y eso es lo que hacemos levantando nuestros propios nodos para diferentes proyectos. Puedes ser parte de ellos delegando tus fondos \u00a1en cualquier momento!<\/p>\n\n\n\n<p>Tambi\u00e9n podemos ayudarte a construir tus propios nodos para diferentes redes: Ethereum 2.0, Kava, Cosmos, Polygon, Algorand, Solana, Fantom y muchas otras. Te ayudamos a entender c\u00f3mo funcionan, que se necesita y si realmente tiene sentido una inversi\u00f3n de este tipo en base a tus objetivos.<\/p>\n\n\n\n<div class=\"wp-container-3 wp-block-columns\">\n<div class=\"wp-container-1 wp-block-column\">\n<div id=\"number-block_62ac51c43093a\" class=\"number-block border border-red flex mb-6 md:mb-14 py-16 md:py-24\">\n\n\t\n\n\t<div class=\"text-center justify-center items-center flex flex-col w-full\">\n\t\t\n\t\t<div class=\"number text-red mb-6\">\n\n\t\t\t<span>1082647<\/span> FTM\n\t\t<\/div>\n\n\t\t<div class=\"uppercase text-base lg:text-2xl\"><a href=\"https:\/\/explorer.fantom.network\/validator\/0xa8b20224f7f2798d70e98c03033fcafa1365a821\" target=\"_blank\">FANTOM &#8211; \u00a1Delegar!<\/a><\/div>\n\n\t<\/div>\n\n<\/div>\n\n<\/div>\n\n\n\n<div class=\"wp-container-2 wp-block-column\">\n<div id=\"number-block_62ac51c43093b\" class=\"number-block border border-red flex mb-6 md:mb-14 py-16 md:py-24\">\n\n\t\n\n\t<div class=\"text-center justify-center items-center flex flex-col w-full\">\n\t\t\n\t\t<div class=\"number text-red mb-6\">\n\n\t\t\t<span>135223<\/span> KAVA\n\t\t<\/div>\n\n\t\t<div class=\"uppercase text-base lg:text-2xl\"><a href=\"https:\/\/wallet.keplr.app\/chains\/kava?modal=validator&#038;chain=kava_2222-10&#038;validator_address=kavavaloper1u3365ccza6eefzsx8t3mlp2txufj6dksjdw9nl\" target=\"_blank\">KAVA &#8211; \u00a1Delegar!<\/a><\/div>\n\n\t<\/div>\n\n<\/div>\n\n<\/div>\n<\/div>\n\n\n\n<div class=\"wp-container-6 wp-block-columns\">\n<div class=\"wp-container-4 wp-block-column\">\n<div id=\"number-block_62b97cd013e63\" class=\"number-block border border-red flex mb-6 md:mb-14 py-16 md:py-24\">\n\n\t\n\n\t<div class=\"text-center justify-center items-center flex flex-col w-full\">\n\t\t\n\t\t<div class=\"number text-red mb-6\">\n\n\t\t\t<span>156<\/span> ETH 2.0 Nodes\n\t\t<\/div>\n\n\t\t<div class=\"uppercase text-base lg:text-2xl\">ETHEREUM<\/div>\n\n\t<\/div>\n\n<\/div>\n\n<\/div>\n\n\n\n<div class=\"wp-container-5 wp-block-column\">\n<div id=\"number-block_62ac51c43093d\" class=\"number-block border border-red flex mb-6 md:mb-14 py-16 md:py-24\">\n\n\t\n\n\t<div class=\"text-center justify-center items-center flex flex-col w-full\">\n\t\t\n\t\t<div class=\"number text-red mb-6\">\n\n\t\t\t<span>1543040<\/span> ROWAN\n\t\t<\/div>\n\n\t\t<div class=\"uppercase text-base lg:text-2xl\"><a href=\"https:\/\/wallet.keplr.app\/chains\/sifchain?modal=validator&#038;chain=sifchain-1&#038;validator_address=sifvaloper1937fsej78u5h6msnkqhawvfqez5t94s56ckhqk\" target=\"_blank\">SIFCHAIN &#8211; \u00a1Delegar!<\/a><\/div>\n\n\t<\/div>\n\n<\/div>\n\n<\/div>\n<\/div>\n\n\n\n<div class=\"wp-container-9 wp-block-columns\">\n<div class=\"wp-container-7 wp-block-column\">\n<div id=\"number-block_6348479f96e12\" class=\"number-block border border-red flex mb-6 md:mb-14 py-16 md:py-24\">\n\n\t\n\n\t<div class=\"text-center justify-center items-center flex flex-col w-full\">\n\t\t\n\t\t<div class=\"number text-red mb-6\">\n\n\t\t\t<span>139594<\/span> EVMOS\n\t\t<\/div>\n\n\t\t<div class=\"uppercase text-base lg:text-2xl\"><a href=\"https:\/\/wallet.keplr.app\/chains\/evmos?modal=validator&#038;chain=evmos_9001-2&#038;validator_address=evmosvaloper1lfywrrzgt0dmhuhxfn0ahn6909x0pgwuxgnwcz\" target=\"_blank\">EVMOS &#8211; \u00a1Delegar!<\/a><\/div>\n\n\t<\/div>\n\n<\/div>\n\n<\/div>\n\n\n\n<div class=\"wp-container-8 wp-block-column\">\n<div id=\"number-block_6348479f96e13\" class=\"number-block border border-red flex mb-6 md:mb-14 py-16 md:py-24\">\n\n\t\n\n\t<div class=\"text-center justify-center items-center flex flex-col w-full\">\n\t\t\n\t\t<div class=\"number text-red mb-6\">\n\n\t\t\t<span>0<\/span> Stremr, Mina or Juno!\n\t\t<\/div>\n\n\t\t<div class=\"uppercase text-base lg:text-2xl\">Coming soon&#8230;<\/div>\n\n\t<\/div>\n\n<\/div>\n\n<\/div>\n<\/div>\n\n\n\n<h2 class=\"has-text-align-center has-text-secondary-color has-text-color\"><em>We know it because we have done it!<\/em><\/h2>\n\n\n\n\t<\/div>\n\n<\/div>\n\n","protected":false},"excerpt":{"rendered":"","protected":false},"author":1,"featured_media":613,"parent":596,"menu_order":0,"comment_status":"closed","ping_status":"closed","template":"","meta":[],"acf":[],"_links":{"self":[{"href":"https:\/\/alphagrowth.es\/es\/wp-json\/wp\/v2\/pages\/611"}],"collection":[{"href":"https:\/\/alphagrowth.es\/es\/wp-json\/wp\/v2\/pages"}],"about":[{"href":"https:\/\/alphagrowth.es\/es\/wp-json\/wp\/v2\/types\/page"}],"author":[{"embeddable":true,"href":"https:\/\/alphagrowth.es\/es\/wp-json\/wp\/v2\/users\/1"}],"replies":[{"embeddable":true,"href":"https:\/\/alphagrowth.es\/es\/wp-json\/wp\/v2\/comments?post=611"}],"version-history":[{"count":24,"href":"https:\/\/alphagrowth.es\/es\/wp-json\/wp\/v2\/pages\/611\/revisions"}],"predecessor-version":[{"id":907,"href":"https:\/\/alphagrowth.es\/es\/wp-json\/wp\/v2\/pages\/611\/revisions\/907"}],"up":[{"embeddable":true,"href":"https:\/\/alphagrowth.es\/es\/wp-json\/wp\/v2\/pages\/596"}],"wp:featuredmedia":[{"embeddable":true,"href":"https:\/\/alphagrowth.es\/es\/wp-json\/wp\/v2\/media\/613"}],"wp:attachment":[{"href":"https:\/\/alphagrowth.es\/es\/wp-json\/wp\/v2\/media?parent=611"}],"curies":[{"name":"wp","href":"https:\/\/api.w.org\/{rel}","templated":true}]}}