{"id":639,"date":"2022-06-17T10:14:01","date_gmt":"2022-06-17T10:14:01","guid":{"rendered":"https:\/\/alphagrowth.es\/services\/consulting-development\/"},"modified":"2022-09-14T11:48:44","modified_gmt":"2022-09-14T11:48:44","slug":"consulting-development","status":"publish","type":"page","link":"https:\/\/alphagrowth.es\/es\/services\/consulting-development\/","title":{"rendered":"Consultor\u00eda y Desarrollo"},"content":{"rendered":"\n\n<div id=\"group-right-block_629482272dc35\" class=\"group-right-block acf-block container flex justify-end \">\n\n\t<div class=\"max-w-4xl 2xl:max-w-6xl reveal-my-content\">\n\n\t\t\n\n<h2>Blockchain est\u00e1 convirti\u00e9ndose en una prioridad para muchas compa\u00f1\u00edas que sienten la necesidad de desarrollar proyectos y soluciones descentralizadas, trazables, transparentes y escalables. En AlphaGrowth nos apasiona el potencial que tiene la tecnolog\u00eda para aplicarse en el d\u00eda a d\u00eda de los negocios.<\/h2>\n\n\n\n<h2>Tenemos la experiencia y los partners para implementar blockchain de forma exitosa en tu negocio. \u00a1No dudes en contactarnos!<\/h2>\n\n\n\n<div style=\"height:100px\" aria-hidden=\"true\" class=\"wp-block-spacer\"><\/div>\n\n\n\n<h3>Consultor\u00eda<\/h3>\n\n\n\n<hr class=\"wp-block-separator has-alpha-channel-opacity\"\/>\n\n\n\n<p>Tenemos un largo camino por delante y queremos recorrerlo junto a t\u00ed. Acompa\u00f1\u00e1ndote en tus proyectos para hacerte un poquito m\u00e1s sencillo que alcances tu objetivos.<\/p>\n\n\n\n<div class=\"wp-container-4 wp-block-columns\">\n<div class=\"wp-container-1 wp-block-column\">\n<figure class=\"wp-block-image size-full\"><img loading=\"lazy\" width=\"320\" height=\"160\" src=\"https:\/\/alphagrowth.es\/wp-content\/uploads\/2022\/05\/AG_partners-web-wheel.png\" alt=\"\" class=\"wp-image-136\"\/><\/figure>\n<\/div>\n\n\n\n<div class=\"wp-container-2 wp-block-column\">\n<figure class=\"wp-block-image size-full\"><img loading=\"lazy\" width=\"320\" height=\"160\" src=\"https:\/\/alphagrowth.es\/wp-content\/uploads\/2022\/05\/AG_partners-web-offf.png\" alt=\"\" class=\"wp-image-138\"\/><\/figure>\n<\/div>\n\n\n\n<div class=\"wp-container-3 wp-block-column\">\n<figure class=\"wp-block-image size-full\"><img loading=\"lazy\" width=\"320\" height=\"160\" src=\"https:\/\/alphagrowth.es\/wp-content\/uploads\/2022\/05\/AG_partners-web-cyb.png\" alt=\"\" class=\"wp-image-133\"\/><\/figure>\n<\/div>\n<\/div>\n\n\n\n<div class=\"wp-container-8 wp-block-columns\">\n<div class=\"wp-container-5 wp-block-column\">\n<figure class=\"wp-block-image size-full\"><img loading=\"lazy\" width=\"320\" height=\"160\" src=\"https:\/\/alphagrowth.es\/wp-content\/uploads\/2022\/05\/AG_partners-web-texia.png\" alt=\"\" class=\"wp-image-132\"\/><\/figure>\n<\/div>\n\n\n\n<div class=\"wp-container-6 wp-block-column\">\n<figure class=\"wp-block-image size-full\"><img loading=\"lazy\" width=\"320\" height=\"160\" src=\"https:\/\/alphagrowth.es\/wp-content\/uploads\/2022\/05\/AG_partners-web-fite.png\" alt=\"\" class=\"wp-image-134\"\/><\/figure>\n<\/div>\n\n\n\n<div class=\"wp-container-7 wp-block-column\">\n<figure class=\"wp-block-image size-full\"><img loading=\"lazy\" width=\"320\" height=\"160\" src=\"https:\/\/alphagrowth.es\/wp-content\/uploads\/2022\/05\/AG_partners-web-powerm.png\" alt=\"\" class=\"wp-image-139\"\/><\/figure>\n<\/div>\n<\/div>\n\n\n\n<div style=\"height:100px\" aria-hidden=\"true\" class=\"wp-block-spacer\"><\/div>\n\n\n\n\t<\/div>\n\n<\/div>\n\n\n\n\n<div id=\"highlight-block_626abb0b595ec\" class=\"highlight-block py-36 relative\">\n\n\t\n\t\t\n\t\t<video class=\"block w-full h-full absolute inset-0 object-cover z-0\" autoplay loop muted playsinline poster=\"https:\/\/alphagrowth.es\/wp-content\/uploads\/2022\/04\/Captura-de-Pantalla-2022-03-28-a-les-11.09-1-1920x806.png\">\n\t\t\t\t\n\t\t\t<source src=\"https:\/\/www.dropbox.com\/s\/8ebvxwzwbah1st0\/Alpha-Growth-ouche-bg-video.mp4?raw=1\" type=\"video\/mp4\" \/>\n\n\t\t<\/video>\t\n\n\t\n\n\n\t<div class=\"w-full relative z-2\">\n\n\t\t<div class=\"container\">\n\t\t\n\t\t\t<div class=\"card px-8 pt-16 pb-12 glass gradient-border text-text-secondary max-w-md reveal-up\">\n\t\t\t\t\n\t\t\t\t<div class=\"max-w-sm \">\n\t\t\t\t\n\t\t\t\t\t<h2 class=\"big mb-6\"> OUCH\u00c9, a new beginning for digital art <\/h2>\n\n\t\t\t\t\t\n\t\t\t\t\t\t<p class=\"text mb-16\">Ouche, a climate-forward and trustworthy NFT cultural home for artists and collectors, where we buy not just art, but stories.<\/p>\n\n\t\t\t\t\t\n\t\t\t\t\n\n\t\t\t\t\n\t\t\t\t\t<a class=\"arrow-right-after inline-block caps\" href=\"#\" target=\"_self\">View Project<\/a>\n\n\t\t\t\t\n\t\t\t\t<\/div>\n\n\t\t\t<\/div>\n\n\t\t<\/div> \n\n\t<\/div>\t\n\n<\/div>\n\n\n\n\n\n\n<div id=\"group-right-block_629483782dc37\" class=\"group-right-block acf-block container flex justify-end \">\n\n\t<div class=\"max-w-4xl 2xl:max-w-6xl reveal-my-content\">\n\n\t\t\n\n<div style=\"height:100px\" aria-hidden=\"true\" class=\"wp-block-spacer\"><\/div>\n\n\n\n<h2>Desarrollo<\/h2>\n\n\n\n<hr class=\"wp-block-separator has-alpha-channel-opacity\"\/>\n\n\n\n<p>Los miembros de AlphaGrowth han pasado a\u00f1os desarrollando diferentes productos y soluciones para el sector, tanto para terceros como para uso propio. Aqu\u00ed tenemos algunos ejemplos:<\/p>\n\n\n\n<div class=\"wp-container-11 wp-block-columns\">\n<div class=\"wp-container-9 wp-block-column\" style=\"flex-basis:33.33%\">\n<figure class=\"wp-block-image alignright size-full\"><img src=\"https:\/\/alphagrowth.es\/wp-content\/uploads\/2022\/06\/ag-graph-01.svg\" alt=\"\" class=\"wp-image-266\"\/><\/figure>\n<\/div>\n\n\n\n<div class=\"wp-container-10 wp-block-column\" style=\"flex-basis:66.66%\">\n<div style=\"height:32px\" aria-hidden=\"true\" class=\"wp-block-spacer\"><\/div>\n\n\n\n<h3>AGTracer<\/h3>\n\n\n\n<p>Un software dise\u00f1ado para tener trazabilidad de los movimientos y operaciones realizadas en <em>Exchanges <\/em>y <em>Wallets<\/em>. En el mundo de los criptoactivos, tener una inversi\u00f3n diversificada en diferentes proyectos, haciendo uso de <em>wallets <\/em>personales y de CEXs, es habitual. Por ello es importante controlar y conocer peri\u00f3dicamente cu\u00e1les son las posiciones y los movimientos que hayan existido en tus cuentas. Por este motivo, en AlphaGrowth estamos trabajando en nuestra propia herramienta de control y trazabilidad para ofrecer a nuestros clientes informaci\u00f3n real, detallada y clara.<\/p>\n\n\n\n<p class=\"has-red-color has-text-color\">Trazabilidad y monitorizaci\u00f3n<\/p>\n<\/div>\n<\/div>\n\n\n\n<div class=\"wp-container-14 wp-block-columns\">\n<div class=\"wp-container-12 wp-block-column\" style=\"flex-basis:33.33%\">\n<figure class=\"wp-block-image alignright size-full\"><img src=\"https:\/\/alphagrowth.es\/wp-content\/uploads\/2022\/06\/ag-graph-02.svg\" alt=\"\" class=\"wp-image-265\"\/><\/figure>\n<\/div>\n\n\n\n<div class=\"wp-container-13 wp-block-column\" style=\"flex-basis:66.66%\">\n<div style=\"height:32px\" aria-hidden=\"true\" class=\"wp-block-spacer\"><\/div>\n\n\n\n<h3>Initcoin<\/h3>\n\n\n\n<p>Initcoin es un <em>hub <\/em>de mercados de criptoactivos. Se pueden conectar tus cuentas a trav\u00e9s de una API y operar. Adicionalmente, entre otras funcionalidades, est\u00e1 construido con un lenguaje de programaci\u00f3n espec\u00edfico para <em>trades<\/em>, que les permite lanzar <em>backtesting<\/em> de sus estrategias de inversi\u00f3n.<\/p>\n\n\n\n<p class=\"has-red-color has-text-color\">Trading &amp; Analisys<\/p>\n<\/div>\n<\/div>\n\n\n\n<div class=\"wp-container-17 wp-block-columns\">\n<div class=\"wp-container-15 wp-block-column\" style=\"flex-basis:33.33%\">\n<figure class=\"wp-block-image alignright size-full is-resized\"><img loading=\"lazy\" src=\"https:\/\/alphagrowth.es\/wp-content\/uploads\/2022\/06\/export-logo-iunity@2x.png\" alt=\"\" class=\"wp-image-372\" width=\"79\" height=\"128\"\/><\/figure>\n<\/div>\n\n\n\n<div class=\"wp-container-16 wp-block-column\" style=\"flex-basis:66.66%\">\n<div style=\"height:32px\" aria-hidden=\"true\" class=\"wp-block-spacer\"><\/div>\n\n\n\n<h3>Optimuku<\/h3>\n\n\n\n<p>Este software est\u00e1 dise\u00f1ado para buscar los mejores par\u00e1metros de inversi\u00f3n dada una estrategia de inversi\u00f3n. Realiza millones de permutaciones en busca de resultados y agrupa las mejores opciones basado en aquello que el usuario est\u00e1 buscando. Requiere un gran poder computacional as\u00ed como una interpretaci\u00f3n adecuada de los resultadas, en tanto que los mismos pueden tener diferente significado dependiendo del estado del mercado.<\/p>\n\n\n\n<p class=\"has-red-color has-text-color\">TRADING &amp; backtesting<\/p>\n<\/div>\n<\/div>\n\n\n\n<div class=\"wp-container-20 wp-block-columns\">\n<div class=\"wp-container-18 wp-block-column\" style=\"flex-basis:33.33%\">\n<figure class=\"wp-block-image alignright size-full is-resized\"><img loading=\"lazy\" src=\"https:\/\/alphagrowth.es\/wp-content\/uploads\/2022\/06\/export-logo-ethe@2x.png\" alt=\"\" class=\"wp-image-373\" width=\"76\" height=\"76\" srcset=\"https:\/\/alphagrowth.es\/wp-content\/uploads\/2022\/06\/export-logo-ethe@2x.png 152w, https:\/\/alphagrowth.es\/wp-content\/uploads\/2022\/06\/export-logo-ethe@2x-150x150.png 150w\" sizes=\"(max-width: 76px) 100vw, 76px\" \/><\/figure>\n<\/div>\n\n\n\n<div class=\"wp-container-19 wp-block-column\" style=\"flex-basis:66.66%\">\n<div style=\"height:32px\" aria-hidden=\"true\" class=\"wp-block-spacer\"><\/div>\n\n\n\n<h3>iUnity<\/h3>\n\n\n\n<p>iUnity fue dise\u00f1ado como un agregador de trades en <em>exchanges <\/em>que provee de liquidez a los mercados de criptoactivos. La idea de agregaci\u00f3n es combatir la volatilidad en el precio derivada de los vol\u00famenes intercambiados. Adicionalmente, el software se puede utilizar fuera de los <em>exchanges<\/em>, para crear pools de liquidez propios.<\/p>\n\n\n\n<p class=\"has-red-color has-text-color\">Blockchain &amp; tokenS<\/p>\n<\/div>\n<\/div>\n\n\n\n\t<\/div>\n\n<\/div>\n\n","protected":false},"excerpt":{"rendered":"","protected":false},"author":1,"featured_media":641,"parent":596,"menu_order":1,"comment_status":"closed","ping_status":"closed","template":"","meta":[],"acf":[],"_links":{"self":[{"href":"https:\/\/alphagrowth.es\/es\/wp-json\/wp\/v2\/pages\/639"}],"collection":[{"href":"https:\/\/alphagrowth.es\/es\/wp-json\/wp\/v2\/pages"}],"about":[{"href":"https:\/\/alphagrowth.es\/es\/wp-json\/wp\/v2\/types\/page"}],"author":[{"embeddable":true,"href":"https:\/\/alphagrowth.es\/es\/wp-json\/wp\/v2\/users\/1"}],"replies":[{"embeddable":true,"href":"https:\/\/alphagrowth.es\/es\/wp-json\/wp\/v2\/comments?post=639"}],"version-history":[{"count":3,"href":"https:\/\/alphagrowth.es\/es\/wp-json\/wp\/v2\/pages\/639\/revisions"}],"predecessor-version":[{"id":689,"href":"https:\/\/alphagrowth.es\/es\/wp-json\/wp\/v2\/pages\/639\/revisions\/689"}],"up":[{"embeddable":true,"href":"https:\/\/alphagrowth.es\/es\/wp-json\/wp\/v2\/pages\/596"}],"wp:featuredmedia":[{"embeddable":true,"href":"https:\/\/alphagrowth.es\/es\/wp-json\/wp\/v2\/media\/641"}],"wp:attachment":[{"href":"https:\/\/alphagrowth.es\/es\/wp-json\/wp\/v2\/media?parent=639"}],"curies":[{"name":"wp","href":"https:\/\/api.w.org\/{rel}","templated":true}]}}