{"id":649,"date":"2022-06-17T10:15:44","date_gmt":"2022-06-17T10:15:44","guid":{"rendered":"https:\/\/alphagrowth.es\/services\/mining\/"},"modified":"2022-09-14T11:52:45","modified_gmt":"2022-09-14T11:52:45","slug":"mining","status":"publish","type":"page","link":"https:\/\/alphagrowth.es\/es\/services\/mining\/","title":{"rendered":"Miner\u00eda"},"content":{"rendered":"\n\n<div id=\"group-right-block_62948525c61b1\" class=\"group-right-block acf-block container flex justify-end \">\n\n\t<div class=\"max-w-4xl 2xl:max-w-6xl reveal-my-content\">\n\n\t\t\n\n<h2>En AlphaGrowth te ofrecemos la posibilidad de entrar en el mundo de miner\u00eda de Bitcoin de forma sencilla, simple y r\u00e1pida.<\/h2>\n\n\n\n<h2>Dependiendo de tu experiencia, te ayudamos con la soluci\u00f3n que mejor se adapte a ti:<\/h2>\n\n\n\n<ul><li>Compra de equipos de miner\u00eda<\/li><li>Hosting y mantenimiento de tus equipos<\/li><li>Monitorizaci\u00f3n 24\/7<\/li><li><em>Mining advisory<\/em><\/li><li>Dise\u00f1o, construcci\u00f3n y mantenimiento de centros de miner\u00eda<\/li><\/ul>\n\n\n\n<div style=\"height:100px\" aria-hidden=\"true\" class=\"wp-block-spacer\"><\/div>\n\n\n\n<div id=\"accordion-page-block_62ac3a2f0b894\" class=\"accordion-page-block pt-12 md:pt-20\">\n\n\t\n\t<ul class=\"accordion border-t list-none text-red text-2xl reveal-right\">\n\n\t\t\n\t\t<li class=\"accordion-item border-b \">\n\n\t\t\t<a class=\"accordion-title py-11 block \" href=\"#\">\n\t\t\t\t\n\t\t\t\t<span class=\"inline-block w-2\/3 xs:w-3\/4 sm:w-auto\">Crypto tree live graphics<\/span>\n\n\t\t\t<\/a>\n\n\t\t\t<div class=\"accordion-content text-text-primary overflow-hidden\" style=\"max-height: 0px;\">\n\t\t\t\t\n\t\t\t\t<div class=\"inner\">\n\t\t\t\t\t\n\t\t\t\t\t<div class=\"pb-20 max-w-4xl \">\n\n\t\t\t\t\t\t\n\t\t\t\t\t\t    \t\t\t\t\t\t\n    \t\t\t\t\t\t\t<p>Cada rect\u00e1ngulo coloreado representa una criptodivisa. El tama\u00f1o del rect\u00e1ngulo es su capitalizaci\u00f3n de mercado, mientras el que color representa la performance del mismo (verde indica que el precio est\u00e1 en alza; rojo que el precio baja; negro indica que no existe variaci\u00f3n de precio).<\/p>\n    \t\t\t\t\t\t\t<script src=\"https:\/\/widgets.coingecko.com\/coingecko-coin-heatmap-widget.js\"><\/script>\r\n<coingecko-coin-heatmap-widget  height=\"400\" locale=\"en\"><\/coingecko-coin-heatmap-widget>\n\n\t\t\t\t\t\t \n\n\t\t\t\t\t<\/div>\n\n\t\t\t\t<\/div>\n\t\t\t\t\n\t\t\t<\/div>\n\n\t\t<\/li>\n\n\t\t\n\t\t<li class=\"accordion-item border-b \">\n\n\t\t\t<a class=\"accordion-title py-11 block \" href=\"#\">\n\t\t\t\t\n\t\t\t\t<span class=\"inline-block w-2\/3 xs:w-3\/4 sm:w-auto\">Cryto converter<\/span>\n\n\t\t\t<\/a>\n\n\t\t\t<div class=\"accordion-content text-text-primary overflow-hidden\" style=\"max-height: 0px;\">\n\t\t\t\t\n\t\t\t\t<div class=\"inner\">\n\t\t\t\t\t\n\t\t\t\t\t<div class=\"pb-20 max-w-4xl \">\n\n\t\t\t\t\t\t\n\t\t\t\t\t\t    \t\t\t\t\t\t\n    \t\t\t\t\t\t\t<p>Comprueba el precio de cualquier criptoactivo. Escribe en la primera caja (from) el nombre de la criptodivisa que buscas. En la casilla (to) indica la moneda con la que quieres relacionar el precio de la primera.<\/p>\n    \t\t\t\t\t\t\t<div style=\"width: 250px; height:335px; background-color: #FAFAFA; overflow:hidden; box-sizing: border-box; border: 1px solid #56667F; border-radius: 4px; text-align: right; line-height:14px; block-size:335px; font-size: 12px; font-feature-settings: normal; text-size-adjust: 100%; box-shadow: inset 0 -20px 0 0 #56667F;margin: 0;width: 250px;padding:1px;padding: 0px; margin: 0px;\"><div style=\"height:315px; padding:0px; margin:0px; width: 100%;\"><iframe loading=\"lazy\" src=\"https:\/\/widget.coinlib.io\/widget?type=converter&#038;theme=light\" width=\"250\" height=\"310px\" scrolling=\"auto\" marginwidth=\"0\" marginheight=\"0\" frameborder=\"0\" border=\"0\" style=\"border:0;margin:0;padding:0;\"><\/iframe><\/div><div style=\"color: #FFFFFF; line-height: 14px; font-weight: 400; font-size: 11px; box-sizing: border-box; padding: 2px 6px; width: 100%; font-family: Verdana, Tahoma, Arial, sans-serif;\"><a href=\"https:\/\/coinlib.io\" target=\"_blank\" style=\"font-weight: 500; color: #FFFFFF; text-decoration:none; font-size:11px\">Cryptocurrency Prices<\/a>&nbsp;by Coinlib<\/div><\/div>\n\n\t\t\t\t\t\t \n\n\t\t\t\t\t<\/div>\n\n\t\t\t\t<\/div>\n\t\t\t\t\n\t\t\t<\/div>\n\n\t\t<\/li>\n\n\t\t\n\t\t<li class=\"accordion-item border-b \">\n\n\t\t\t<a class=\"accordion-title py-11 block \" href=\"#\">\n\t\t\t\t\n\t\t\t\t<span class=\"inline-block w-2\/3 xs:w-3\/4 sm:w-auto\">Calculadora de miner\u00eda<\/span>\n\n\t\t\t<\/a>\n\n\t\t\t<div class=\"accordion-content text-text-primary overflow-hidden\" style=\"max-height: 0px;\">\n\t\t\t\t\n\t\t\t\t<div class=\"inner\">\n\t\t\t\t\t\n\t\t\t\t\t<div class=\"pb-20 max-w-4xl \">\n\n\t\t\t\t\t\t\n\t\t\t\t\t\t    \t\t\t\t\t\t\n    \t\t\t\t\t\t\t<p>Calculadora de rendimiento de equipos de miner\u00eda. Indica debajo del valor agregado de la capacidad de computaci\u00f3n el n\u00famero de unidades a adquirir: Por ejemplo: si adquieres un equipo s19j pro el valor es 110TH. Si adquieres dos unidades ser\u00e1 de 220THs, y as\u00ed sucesivamente. Puedes indicar el valor en la caja de debajo para ver los ingresos diarios de la potencial inversi\u00f3n en un momento dado.<\/p>\n    \t\t\t\t\t\t\t<a class=\"minerstat-widget\" title=\"BTC mining calculator\" data-coin=\"BTC\" data-algo=\"SHA-256\" data-info=\"yes\" data-style=\"light\" data-color=\"\" data-unit=\"TH\" data-hashrate=\"100\" data-width=\"300\" rel=\"nofollow\" href=\"https:\/\/minerstat.com\/coin\/BTC\">Bitcoin mining calculator<\/a><script async src=\"https:\/\/api.minerstat.com\/v2\/widgets\/coin.js\" charset=\"utf-8\"><\/script>\r\n<br\/>\r\n<a class=\"minerstat-widget\" title=\"ZEC mining calculator\" data-coin=\"ZEC\" data-algo=\"Equihash\" data-info=\"yes\" data-style=\"light\" data-color=\"\" data-unit=\"KH\" data-hashrate=\"100\" data-width=\"300\" rel=\"nofollow\" href=\"https:\/\/minerstat.com\/coin\/ZEC\">Zcash mining calculator<\/a><script async src=\"https:\/\/api.minerstat.com\/v2\/widgets\/coin.js\" charset=\"utf-8\"><\/script>\r\n<br\/>\r\n<a class=\"minerstat-widget\" title=\"ETC mining calculator\" data-coin=\"ETC\" data-algo=\"Etchash\" data-info=\"yes\" data-style=\"light\" data-color=\"\" data-unit=\"MH\" data-hashrate=\"100\" data-width=\"300\" rel=\"nofollow\" href=\"https:\/\/minerstat.com\/coin\/ETC\">Ethereum Classic mining calculator<\/a><script async src=\"https:\/\/api.minerstat.com\/v2\/widgets\/coin.js\" charset=\"utf-8\"><\/script>\r\n<br\/>\r\n<a class=\"minerstat-widget\" title=\"RVN mining calculator\" data-coin=\"RVN\" data-algo=\"KAWPOW\" data-info=\"yes\" data-style=\"light\" data-color=\"\" data-unit=\"MH\" data-hashrate=\"100\" data-width=\"300\" rel=\"nofollow\" href=\"https:\/\/minerstat.com\/coin\/RVN\">Ravencoin mining calculator<\/a><script async src=\"https:\/\/api.minerstat.com\/v2\/widgets\/coin.js\" charset=\"utf-8\"><\/script>\n\n\t\t\t\t\t\t \n\n\t\t\t\t\t<\/div>\n\n\t\t\t\t<\/div>\n\t\t\t\t\n\t\t\t<\/div>\n\n\t\t<\/li>\n\n\t\t\n\t\t<li class=\"accordion-item border-b \">\n\n\t\t\t<a class=\"accordion-title py-11 block \" href=\"#\">\n\t\t\t\t\n\t\t\t\t<span class=\"inline-block w-2\/3 xs:w-3\/4 sm:w-auto\">Performance<\/span>\n\n\t\t\t<\/a>\n\n\t\t\t<div class=\"accordion-content text-text-primary overflow-hidden\" style=\"max-height: 0px;\">\n\t\t\t\t\n\t\t\t\t<div class=\"inner\">\n\t\t\t\t\t\n\t\t\t\t\t<div class=\"pb-20 max-w-4xl \">\n\n\t\t\t\t\t\t\n\t\t\t\t\t\t    \t\t\t\t\t\t\n    \t\t\t\t\t\t\t<p>Encuentra bajo estas l\u00edneas la performance* de una unidad s19j pro si ha estado minando desde enero 2017 hasta junio 2022 de forma ininterrumpida.<\/p>\n    \t\t\t\t\t\t\t<iframe id=\"braiins-insights-iframe\" src=\"https:\/\/insights.braiins.com\/embed\/en\/profitability-calculator\/\" scrolling=\"no\" style=\"border: none; width: 1px; min-width: 100%;\"><\/iframe><script src=\"https:\/\/cdnjs.cloudflare.com\/ajax\/libs\/iframe-resizer\/4.3.2\/iframeResizer.min.js\" integrity=\"sha512-dnvR4Aebv5bAtJxDunq3eE8puKAJrY9GBJYl9GC6lTOEC76s1dbDfJFcL9GyzpaDW4vlI\/UjR8sKbc1j6Ynx6w==\" crossorigin=\"anonymous\" referrerpolicy=\"no-referrer\"><\/script><script type=\"text\/javascript\">iFrameResize({ scrolling: false, sizeWidth: false, sizeHeight: true }, '#braiins-insights-iframe')<\/script>\r\n<br\/>\r\n** Past results do not guarantee future performance\r\n\n\n\t\t\t\t\t\t \n\n\t\t\t\t\t<\/div>\n\n\t\t\t\t<\/div>\n\t\t\t\t\n\t\t\t<\/div>\n\n\t\t<\/li>\n\n\t\t\n\t<\/ul>\n\n\n<\/div>\n\n\n\n\n<div style=\"height:100px\" aria-hidden=\"true\" class=\"wp-block-spacer\"><\/div>\n\n\n\n<h3>Nuestros espacios<\/h3>\n\n\n\n<hr class=\"wp-block-separator has-alpha-channel-opacity\"\/>\n\n\n\n<p><br>Nuestra propuesta de valor es, ante todo, la b\u00fasqueda de la mejor rentabilidad posible para nuestros clientes.<\/p>\n\n\n\n<p>Nuestros servicios y espacios de miner\u00eda son el resultado de a\u00f1os de pasi\u00f3n invertidos en el entorno blockchain.<\/p>\n\n\n\n<div style=\"height:100px\" aria-hidden=\"true\" class=\"wp-block-spacer\"><\/div>\n\n\n\n\t<\/div>\n\n<\/div>\n\n\n\n\n<div id=\"gallery-block_62ac6d5ca8aa5\" class=\"gallery-block w-full reveal-up\">\n\n    \t\t\t\n\t\t<div class=\"carousel relative\">\n\n\t\t\t\n\t\t\t\t<div class=\"slide h-full\">\n\n\t\t\t\t\t<img class=\"w-full h-full object-cover\" src=\"https:\/\/alphagrowth.es\/wp-content\/uploads\/2022\/06\/04-1920x806.jpg\" alt=\"\">\n\n\t\t\t\t<\/div>\n\n\t\t\t\n\t\t\t\t<div class=\"slide h-full\">\n\n\t\t\t\t\t<img class=\"w-full h-full object-cover\" src=\"https:\/\/alphagrowth.es\/wp-content\/uploads\/2022\/06\/03-1920x806.jpg\" alt=\"\">\n\n\t\t\t\t<\/div>\n\n\t\t\t\n\t\t\t\t<div class=\"slide h-full\">\n\n\t\t\t\t\t<img class=\"w-full h-full object-cover\" src=\"https:\/\/alphagrowth.es\/wp-content\/uploads\/2022\/06\/02-1920x806.jpg\" alt=\"\">\n\n\t\t\t\t<\/div>\n\n\t\t\t\n\t\t\t\t<div class=\"slide h-full\">\n\n\t\t\t\t\t<img class=\"w-full h-full object-cover\" src=\"https:\/\/alphagrowth.es\/wp-content\/uploads\/2022\/06\/01-1920x806.jpg\" alt=\"\">\n\n\t\t\t\t<\/div>\n\n\t\t\t\n\t\t\t\t<div class=\"slide h-full\">\n\n\t\t\t\t\t<img class=\"w-full h-full object-cover\" src=\"https:\/\/alphagrowth.es\/wp-content\/uploads\/2022\/07\/BACK-1.png\" alt=\"\">\n\n\t\t\t\t<\/div>\n\n\t\t\t\n\t\t\t\t<div class=\"slide h-full\">\n\n\t\t\t\t\t<img class=\"w-full h-full object-cover\" src=\"https:\/\/alphagrowth.es\/wp-content\/uploads\/2022\/07\/1647341747308-2-1440x1920.jpg\" alt=\"\">\n\n\t\t\t\t<\/div>\n\n\t\t\t\n\t\t\t\t<div class=\"slide h-full\">\n\n\t\t\t\t\t<img class=\"w-full h-full object-cover\" src=\"https:\/\/alphagrowth.es\/wp-content\/uploads\/2022\/07\/1647341747269-2-1920x1440.jpg\" alt=\"\">\n\n\t\t\t\t<\/div>\n\n\t\t\t\t\t\t\n\t\t<\/div>\n\n\t  \n\n<\/div>\n\n","protected":false},"excerpt":{"rendered":"","protected":false},"author":1,"featured_media":650,"parent":596,"menu_order":2,"comment_status":"closed","ping_status":"closed","template":"","meta":[],"acf":[],"_links":{"self":[{"href":"https:\/\/alphagrowth.es\/es\/wp-json\/wp\/v2\/pages\/649"}],"collection":[{"href":"https:\/\/alphagrowth.es\/es\/wp-json\/wp\/v2\/pages"}],"about":[{"href":"https:\/\/alphagrowth.es\/es\/wp-json\/wp\/v2\/types\/page"}],"author":[{"embeddable":true,"href":"https:\/\/alphagrowth.es\/es\/wp-json\/wp\/v2\/users\/1"}],"replies":[{"embeddable":true,"href":"https:\/\/alphagrowth.es\/es\/wp-json\/wp\/v2\/comments?post=649"}],"version-history":[{"count":4,"href":"https:\/\/alphagrowth.es\/es\/wp-json\/wp\/v2\/pages\/649\/revisions"}],"predecessor-version":[{"id":692,"href":"https:\/\/alphagrowth.es\/es\/wp-json\/wp\/v2\/pages\/649\/revisions\/692"}],"up":[{"embeddable":true,"href":"https:\/\/alphagrowth.es\/es\/wp-json\/wp\/v2\/pages\/596"}],"wp:featuredmedia":[{"embeddable":true,"href":"https:\/\/alphagrowth.es\/es\/wp-json\/wp\/v2\/media\/650"}],"wp:attachment":[{"href":"https:\/\/alphagrowth.es\/es\/wp-json\/wp\/v2\/media?parent=649"}],"curies":[{"name":"wp","href":"https:\/\/api.w.org\/{rel}","templated":true}]}}